{"id":3683,"date":"2022-02-19T15:09:28","date_gmt":"2022-02-19T14:09:28","guid":{"rendered":"https:\/\/kigi.pl\/sklep\/uncategorized\/floor-lamp-xs-tsuno-asanoha\/"},"modified":"2022-12-04T17:47:16","modified_gmt":"2022-12-04T16:47:16","slug":"floor-lamp-xs-tsuno-asanoha","status":"publish","type":"product","link":"https:\/\/kigi.pl\/en\/sklep\/andon-kumiko-lamp-en\/floor-lamp-xs-tsuno-asanoha\/","title":{"rendered":"ANDON XS TSUNO-ASANOHA"},"content":{"rendered":"","protected":false},"excerpt":{"rendered":"<p>Tsuno asanoha &#8211; asanoha with horns<br \/>\nAsanoha \u9ebb\u306e\u8449 stands for hemp. This pattern is derived from the shape of their leaves when viewed from above.<br \/>\nHemp has long been regarded as a sacred plant and has been used as a medicine.<br \/>\nIt grows quickly and simply, and is very resistant. This pattern, therefore, aroused the belief that it has the power to ward off misfortunes.<\/p>\n<p>material:<br \/>\nframe &#8211; oak wood, kumiko &#8211; linden wood<br \/>\nwashi paper<\/p>\n<p>height: 19cm<br \/>\nwidth x depth: 17cm x 17cm<br \/>\n\u0179r\u00f3d\u0142o \u015bwiat\u0142a: G4 max. 25W<br \/>\nThe lamp is sold with a LED bulb<\/p>\n","protected":false},"featured_media":3539,"template":"","meta":[],"product_brand":[],"product_cat":[171],"product_tag":[],"class_list":{"0":"post-3683","1":"product","2":"type-product","3":"status-publish","4":"has-post-thumbnail","6":"product_cat-andon-kumiko-lamp-en","7":"product_shipping_class-big-en","9":"first","10":"instock","11":"taxable","12":"shipping-taxable","13":"purchasable","14":"product-type-simple"},"yoast_head":"<!-- This site is optimized with the Yoast SEO Premium plugin v26.1 (Yoast SEO v26.1.1) - https:\/\/yoast.com\/wordpress\/plugins\/seo\/ -->\n<title>ANDON XS TSUNO-ASANOHA - kigi<\/title>\n<meta name=\"robots\" content=\"index, follow, max-snippet:-1, max-image-preview:large, max-video-preview:-1\" \/>\n<link rel=\"canonical\" href=\"https:\/\/kigi.pl\/en\/sklep\/andon-kumiko-lamp-en\/floor-lamp-xs-tsuno-asanoha\/\" \/>\n<meta property=\"og:locale\" content=\"en_US\" \/>\n<meta property=\"og:type\" content=\"article\" \/>\n<meta property=\"og:title\" content=\"ANDON XS TSUNO-ASANOHA\" \/>\n<meta property=\"og:description\" content=\"Tsuno asanoha - asanoha with horns Asanoha \u9ebb\u306e\u8449 stands for hemp. This pattern is derived from the shape of their leaves when viewed from above. Hemp has long been regarded as a sacred plant and has been used as a medicine. It grows quickly and simply, and is very resistant. This pattern, therefore, aroused the belief that it has the power to ward off misfortunes. material: frame - oak wood, kumiko - linden wood washi paper height: 19cm width x depth: 17cm x 17cm \u0179r\u00f3d\u0142o \u015bwiat\u0142a: G4 max. 25W The lamp is sold with a LED bulb\" \/>\n<meta property=\"og:url\" content=\"https:\/\/kigi.pl\/en\/sklep\/andon-kumiko-lamp-en\/floor-lamp-xs-tsuno-asanoha\/\" \/>\n<meta property=\"og:site_name\" content=\"kigi\" \/>\n<meta property=\"article:modified_time\" content=\"2022-12-04T16:47:16+00:00\" \/>\n<meta property=\"og:image\" content=\"https:\/\/kigi.pl\/wp-content\/uploads\/2022\/02\/tsuno_1.jpg\" \/>\n\t<meta property=\"og:image:width\" content=\"1000\" \/>\n\t<meta property=\"og:image:height\" content=\"1000\" \/>\n\t<meta property=\"og:image:type\" content=\"image\/jpeg\" \/>\n<meta name=\"twitter:card\" content=\"summary_large_image\" \/>\n<meta name=\"twitter:label1\" content=\"Price\" \/>\n\t<meta name=\"twitter:data1\" content=\"580,00&#122;&#322;\" \/>\n\t<meta name=\"twitter:label2\" content=\"Availability\" \/>\n\t<meta name=\"twitter:data2\" content=\"In stock\" \/>\n<script type=\"application\/ld+json\" class=\"yoast-schema-graph\">{\"@context\":\"https:\/\/schema.org\",\"@graph\":[{\"@type\":\"WebPage\",\"@id\":\"https:\/\/kigi.pl\/en\/sklep\/andon-kumiko-lamp-en\/floor-lamp-xs-tsuno-asanoha\/\",\"url\":\"https:\/\/kigi.pl\/en\/sklep\/andon-kumiko-lamp-en\/floor-lamp-xs-tsuno-asanoha\/\",\"name\":\"ANDON XS TSUNO-ASANOHA - kigi\",\"isPartOf\":{\"@id\":\"https:\/\/kigi.pl\/en\/#website\"},\"primaryImageOfPage\":{\"@id\":\"https:\/\/kigi.pl\/en\/sklep\/andon-kumiko-lamp-en\/floor-lamp-xs-tsuno-asanoha\/#primaryimage\"},\"image\":{\"@id\":\"https:\/\/kigi.pl\/en\/sklep\/andon-kumiko-lamp-en\/floor-lamp-xs-tsuno-asanoha\/#primaryimage\"},\"thumbnailUrl\":\"https:\/\/kigi.pl\/wp-content\/uploads\/2022\/02\/tsuno_1.jpg\",\"datePublished\":\"2022-02-19T14:09:28+00:00\",\"dateModified\":\"2022-12-04T16:47:16+00:00\",\"breadcrumb\":{\"@id\":\"https:\/\/kigi.pl\/en\/sklep\/andon-kumiko-lamp-en\/floor-lamp-xs-tsuno-asanoha\/#breadcrumb\"},\"inLanguage\":\"en-US\",\"potentialAction\":[{\"@type\":\"ReadAction\",\"target\":[\"https:\/\/kigi.pl\/en\/sklep\/andon-kumiko-lamp-en\/floor-lamp-xs-tsuno-asanoha\/\"]}]},{\"@type\":\"ImageObject\",\"inLanguage\":\"en-US\",\"@id\":\"https:\/\/kigi.pl\/en\/sklep\/andon-kumiko-lamp-en\/floor-lamp-xs-tsuno-asanoha\/#primaryimage\",\"url\":\"https:\/\/kigi.pl\/wp-content\/uploads\/2022\/02\/tsuno_1.jpg\",\"contentUrl\":\"https:\/\/kigi.pl\/wp-content\/uploads\/2022\/02\/tsuno_1.jpg\",\"width\":1000,\"height\":1000},{\"@type\":\"BreadcrumbList\",\"@id\":\"https:\/\/kigi.pl\/en\/sklep\/andon-kumiko-lamp-en\/floor-lamp-xs-tsuno-asanoha\/#breadcrumb\",\"itemListElement\":[{\"@type\":\"ListItem\",\"position\":1,\"name\":\"Strona g\u0142\u00f3wna\",\"item\":\"https:\/\/kigi.pl\/en\/\"},{\"@type\":\"ListItem\",\"position\":2,\"name\":\"Shop\",\"item\":\"https:\/\/kigi.pl\/en\/shop\/\"},{\"@type\":\"ListItem\",\"position\":3,\"name\":\"ANDON XS TSUNO-ASANOHA\"}]},{\"@type\":\"WebSite\",\"@id\":\"https:\/\/kigi.pl\/en\/#website\",\"url\":\"https:\/\/kigi.pl\/en\/\",\"name\":\"kigi\",\"description\":\"JAPANESE WOODCRAFTING\",\"potentialAction\":[{\"@type\":\"SearchAction\",\"target\":{\"@type\":\"EntryPoint\",\"urlTemplate\":\"https:\/\/kigi.pl\/en\/?s={search_term_string}\"},\"query-input\":{\"@type\":\"PropertyValueSpecification\",\"valueRequired\":true,\"valueName\":\"search_term_string\"}}],\"inLanguage\":\"en-US\"}]}<\/script>\n<meta property=\"product:price:amount\" content=\"580.00\" \/>\n<meta property=\"product:price:currency\" content=\"PLN\" \/>\n<meta property=\"og:availability\" content=\"instock\" \/>\n<meta property=\"product:availability\" content=\"instock\" \/>\n<meta property=\"product:condition\" content=\"new\" \/>\n<!-- \/ Yoast SEO Premium plugin. -->","yoast_head_json":{"title":"ANDON XS TSUNO-ASANOHA - kigi","robots":{"index":"index","follow":"follow","max-snippet":"max-snippet:-1","max-image-preview":"max-image-preview:large","max-video-preview":"max-video-preview:-1"},"canonical":"https:\/\/kigi.pl\/en\/sklep\/andon-kumiko-lamp-en\/floor-lamp-xs-tsuno-asanoha\/","og_locale":"en_US","og_type":"article","og_title":"ANDON XS TSUNO-ASANOHA","og_description":"Tsuno asanoha - asanoha with horns Asanoha \u9ebb\u306e\u8449 stands for hemp. This pattern is derived from the shape of their leaves when viewed from above. Hemp has long been regarded as a sacred plant and has been used as a medicine. It grows quickly and simply, and is very resistant. This pattern, therefore, aroused the belief that it has the power to ward off misfortunes. material: frame - oak wood, kumiko - linden wood washi paper height: 19cm width x depth: 17cm x 17cm \u0179r\u00f3d\u0142o \u015bwiat\u0142a: G4 max. 25W The lamp is sold with a LED bulb","og_url":"https:\/\/kigi.pl\/en\/sklep\/andon-kumiko-lamp-en\/floor-lamp-xs-tsuno-asanoha\/","og_site_name":"kigi","article_modified_time":"2022-12-04T16:47:16+00:00","og_image":[{"width":1000,"height":1000,"url":"https:\/\/kigi.pl\/wp-content\/uploads\/2022\/02\/tsuno_1.jpg","type":"image\/jpeg"}],"twitter_card":"summary_large_image","twitter_misc":{"Price":"580,00&#122;&#322;","Availability":"In stock"},"schema":{"@context":"https:\/\/schema.org","@graph":[{"@type":"WebPage","@id":"https:\/\/kigi.pl\/en\/sklep\/andon-kumiko-lamp-en\/floor-lamp-xs-tsuno-asanoha\/","url":"https:\/\/kigi.pl\/en\/sklep\/andon-kumiko-lamp-en\/floor-lamp-xs-tsuno-asanoha\/","name":"ANDON XS TSUNO-ASANOHA - kigi","isPartOf":{"@id":"https:\/\/kigi.pl\/en\/#website"},"primaryImageOfPage":{"@id":"https:\/\/kigi.pl\/en\/sklep\/andon-kumiko-lamp-en\/floor-lamp-xs-tsuno-asanoha\/#primaryimage"},"image":{"@id":"https:\/\/kigi.pl\/en\/sklep\/andon-kumiko-lamp-en\/floor-lamp-xs-tsuno-asanoha\/#primaryimage"},"thumbnailUrl":"https:\/\/kigi.pl\/wp-content\/uploads\/2022\/02\/tsuno_1.jpg","datePublished":"2022-02-19T14:09:28+00:00","dateModified":"2022-12-04T16:47:16+00:00","breadcrumb":{"@id":"https:\/\/kigi.pl\/en\/sklep\/andon-kumiko-lamp-en\/floor-lamp-xs-tsuno-asanoha\/#breadcrumb"},"inLanguage":"en-US","potentialAction":[{"@type":"ReadAction","target":["https:\/\/kigi.pl\/en\/sklep\/andon-kumiko-lamp-en\/floor-lamp-xs-tsuno-asanoha\/"]}]},{"@type":"ImageObject","inLanguage":"en-US","@id":"https:\/\/kigi.pl\/en\/sklep\/andon-kumiko-lamp-en\/floor-lamp-xs-tsuno-asanoha\/#primaryimage","url":"https:\/\/kigi.pl\/wp-content\/uploads\/2022\/02\/tsuno_1.jpg","contentUrl":"https:\/\/kigi.pl\/wp-content\/uploads\/2022\/02\/tsuno_1.jpg","width":1000,"height":1000},{"@type":"BreadcrumbList","@id":"https:\/\/kigi.pl\/en\/sklep\/andon-kumiko-lamp-en\/floor-lamp-xs-tsuno-asanoha\/#breadcrumb","itemListElement":[{"@type":"ListItem","position":1,"name":"Strona g\u0142\u00f3wna","item":"https:\/\/kigi.pl\/en\/"},{"@type":"ListItem","position":2,"name":"Shop","item":"https:\/\/kigi.pl\/en\/shop\/"},{"@type":"ListItem","position":3,"name":"ANDON XS TSUNO-ASANOHA"}]},{"@type":"WebSite","@id":"https:\/\/kigi.pl\/en\/#website","url":"https:\/\/kigi.pl\/en\/","name":"kigi","description":"JAPANESE WOODCRAFTING","potentialAction":[{"@type":"SearchAction","target":{"@type":"EntryPoint","urlTemplate":"https:\/\/kigi.pl\/en\/?s={search_term_string}"},"query-input":{"@type":"PropertyValueSpecification","valueRequired":true,"valueName":"search_term_string"}}],"inLanguage":"en-US"}]},"product_price_amount":"580.00","product_price_currency":"PLN","og_availability":"instock","product_availability":"instock","product_condition":"new"},"_links":{"self":[{"href":"https:\/\/kigi.pl\/en\/wp-json\/wp\/v2\/product\/3683","targetHints":{"allow":["GET"]}}],"collection":[{"href":"https:\/\/kigi.pl\/en\/wp-json\/wp\/v2\/product"}],"about":[{"href":"https:\/\/kigi.pl\/en\/wp-json\/wp\/v2\/types\/product"}],"wp:featuredmedia":[{"embeddable":true,"href":"https:\/\/kigi.pl\/en\/wp-json\/wp\/v2\/media\/3539"}],"wp:attachment":[{"href":"https:\/\/kigi.pl\/en\/wp-json\/wp\/v2\/media?parent=3683"}],"wp:term":[{"taxonomy":"product_brand","embeddable":true,"href":"https:\/\/kigi.pl\/en\/wp-json\/wp\/v2\/product_brand?post=3683"},{"taxonomy":"product_cat","embeddable":true,"href":"https:\/\/kigi.pl\/en\/wp-json\/wp\/v2\/product_cat?post=3683"},{"taxonomy":"product_tag","embeddable":true,"href":"https:\/\/kigi.pl\/en\/wp-json\/wp\/v2\/product_tag?post=3683"}],"curies":[{"name":"wp","href":"https:\/\/api.w.org\/{rel}","templated":true}]}}